{"id":16701,"date":"2024-04-09T07:06:52","date_gmt":"2024-04-09T07:06:52","guid":{"rendered":"https:\/\/www.dallai.it\/product\/art-0120c-cr\/"},"modified":"2025-05-08T09:26:22","modified_gmt":"2025-05-08T09:26:22","slug":"art-0120c-cr","status":"publish","type":"product","link":"https:\/\/www.dallai.it\/pl\/produktu\/art-0120c-cr\/","title":{"rendered":"Uchwyt w\u0119\u017ca Typ D"},"content":{"rendered":"<p>Dost\u0119pna \u015brednica:<\/p>\n<p>&#8211; 50&#215;50<\/p>\n<p>&#8211; 60&#215;60<\/p>\n<p>&#8211; 80&#215;75<\/p>\n<p>&#8211; 80&#215;80<\/p>\n<p>&#8211; 100&#215;100<\/p>\n<p>&#8211; 120&#215;120<\/p>\n<p>&#8211; 120&#215;125<\/p>\n<p>&#8211; 150&#215;140<\/p>\n<p>&#8211; 150&#215;150<\/p>\n","protected":false},"excerpt":{"rendered":"<p>M\u0119ski z pier\u015bcieniem i wpustem w jode\u0142k\u0119 ocynkowanym CR <\/p>\n","protected":false},"featured_media":16702,"template":"","meta":{"_acf_changed":false,"_vp_format_video_url":"","_vp_image_focal_point":[]},"product_brand":[],"product_cat":[134,140],"product_tag":[],"class_list":{"0":"post-16701","1":"product","2":"type-product","3":"status-publish","4":"has-post-thumbnail","6":"product_cat-typ-d-pl","7":"product_cat-zlacza-sferyczne-pl-4-typ-d-pl","9":"first","10":"instock","11":"shipping-taxable","12":"product-type-simple"},"acf":[],"_links":{"self":[{"href":"https:\/\/www.dallai.it\/pl\/wp-json\/wp\/v2\/product\/16701","targetHints":{"allow":["GET"]}}],"collection":[{"href":"https:\/\/www.dallai.it\/pl\/wp-json\/wp\/v2\/product"}],"about":[{"href":"https:\/\/www.dallai.it\/pl\/wp-json\/wp\/v2\/types\/product"}],"wp:featuredmedia":[{"embeddable":true,"href":"https:\/\/www.dallai.it\/pl\/wp-json\/wp\/v2\/media\/16702"}],"wp:attachment":[{"href":"https:\/\/www.dallai.it\/pl\/wp-json\/wp\/v2\/media?parent=16701"}],"wp:term":[{"taxonomy":"product_brand","embeddable":true,"href":"https:\/\/www.dallai.it\/pl\/wp-json\/wp\/v2\/product_brand?post=16701"},{"taxonomy":"product_cat","embeddable":true,"href":"https:\/\/www.dallai.it\/pl\/wp-json\/wp\/v2\/product_cat?post=16701"},{"taxonomy":"product_tag","embeddable":true,"href":"https:\/\/www.dallai.it\/pl\/wp-json\/wp\/v2\/product_tag?post=16701"}],"curies":[{"name":"wp","href":"https:\/\/api.w.org\/{rel}","templated":true}]}}