{"id":16711,"date":"2024-04-09T06:57:37","date_gmt":"2024-04-09T06:57:37","guid":{"rendered":"https:\/\/www.dallai.it\/product\/art-0121c-z\/"},"modified":"2025-05-08T13:00:44","modified_gmt":"2025-05-08T13:00:44","slug":"art-0121c-z","status":"publish","type":"product","link":"https:\/\/www.dallai.it\/pl\/produktu\/art-0121c-z\/","title":{"rendered":"Uchwyt w\u0119\u017ca Typ D"},"content":{"rendered":"<p>Dost\u0119pna \u015brednica:<\/p>\n<p>&#8211; 50&#215;50<\/p>\n<p>&#8211; 60&#215;50<\/p>\n<p>&#8211; 60&#215;60<\/p>\n<p>&#8211; 60&#215;63<\/p>\n<p>&#8211; 80&#215;60<\/p>\n<p>&#8211; 80&#215;63<\/p>\n<p>&#8211; 80&#215;70<\/p>\n<p>&#8211; 80&#215;80<\/p>\n<p>&#8211; 80&#215;89<\/p>\n<p>&#8211; 100&#215;76<\/p>\n<p>&#8211; 100&#215;80<\/p>\n<p>&#8211; 100&#215;89<\/p>\n<p>&#8211; 100&#215;100<\/p>\n<p>&#8211; 100&#215;108<\/p>\n<p>&#8211; 120&#215;100<\/p>\n<p>&#8211; 120&#215;120<\/p>\n<p>&#8211; 120&#215;133<\/p>\n<p>&#8211; 150&#215;100<\/p>\n<p>&#8211; 150&#215;120<\/p>\n<p>&#8211; 150&#215;125<\/p>\n<p>&#8211; 150&#215;133<\/p>\n<p>&#8211; 150&#215;150<\/p>\n<p>&#8211; 150&#215;159<\/p>\n","protected":false},"excerpt":{"rendered":"<p>\u017be\u0144ski z ocynkowanym uchwytem w\u0119\u017ca do w\u0119\u017ca p\u0142askiego <\/p>\n","protected":false},"featured_media":16712,"template":"","meta":{"_acf_changed":false,"_vp_format_video_url":"","_vp_image_focal_point":[]},"product_brand":[],"product_cat":[134,140],"product_tag":[],"class_list":{"0":"post-16711","1":"product","2":"type-product","3":"status-publish","4":"has-post-thumbnail","6":"product_cat-typ-d-pl","7":"product_cat-zlacza-sferyczne-pl-4-typ-d-pl","9":"first","10":"instock","11":"shipping-taxable","12":"product-type-simple"},"acf":[],"_links":{"self":[{"href":"https:\/\/www.dallai.it\/pl\/wp-json\/wp\/v2\/product\/16711","targetHints":{"allow":["GET"]}}],"collection":[{"href":"https:\/\/www.dallai.it\/pl\/wp-json\/wp\/v2\/product"}],"about":[{"href":"https:\/\/www.dallai.it\/pl\/wp-json\/wp\/v2\/types\/product"}],"wp:featuredmedia":[{"embeddable":true,"href":"https:\/\/www.dallai.it\/pl\/wp-json\/wp\/v2\/media\/16712"}],"wp:attachment":[{"href":"https:\/\/www.dallai.it\/pl\/wp-json\/wp\/v2\/media?parent=16711"}],"wp:term":[{"taxonomy":"product_brand","embeddable":true,"href":"https:\/\/www.dallai.it\/pl\/wp-json\/wp\/v2\/product_brand?post=16711"},{"taxonomy":"product_cat","embeddable":true,"href":"https:\/\/www.dallai.it\/pl\/wp-json\/wp\/v2\/product_cat?post=16711"},{"taxonomy":"product_tag","embeddable":true,"href":"https:\/\/www.dallai.it\/pl\/wp-json\/wp\/v2\/product_tag?post=16711"}],"curies":[{"name":"wp","href":"https:\/\/api.w.org\/{rel}","templated":true}]}}