{"id":16747,"date":"2024-04-09T14:15:06","date_gmt":"2024-04-09T14:15:06","guid":{"rendered":"https:\/\/www.dallai.it\/product\/art-2657a\/"},"modified":"2025-05-08T13:19:51","modified_gmt":"2025-05-08T13:19:51","slug":"art-2657a","status":"publish","type":"product","link":"https:\/\/www.dallai.it\/pl\/produktu\/art-2657a\/","title":{"rendered":"Akcesoria aluminiowe Fittings"},"content":{"rendered":"<p>Dost\u0119pna \u015brednica:<\/p>\n<p>&#8211; 60&#215;2\u201d<\/p>\n<p>&#8211; 80&#215;3\u201d<\/p>\n<p>&#8211; 100&#215;4\u201d<\/p>\n<p>&#8211; 120&#215;5\u201d<\/p>\n","protected":false},"excerpt":{"rendered":"<p>Aluminiowa g\u0142owica hydrantu ze z\u0142\u0105czem bagnetowym<\/p>\n","protected":false},"featured_media":16748,"template":"","meta":{"_acf_changed":false,"_vp_format_video_url":"","_vp_image_focal_point":[]},"product_brand":[],"product_cat":[99,91],"product_tag":[],"class_list":{"0":"post-16747","1":"product","2":"type-product","3":"status-publish","4":"has-post-thumbnail","6":"product_cat-alluminum-pl-2","7":"product_cat-fittings-pl","9":"first","10":"instock","11":"shipping-taxable","12":"product-type-simple"},"acf":[],"_links":{"self":[{"href":"https:\/\/www.dallai.it\/pl\/wp-json\/wp\/v2\/product\/16747","targetHints":{"allow":["GET"]}}],"collection":[{"href":"https:\/\/www.dallai.it\/pl\/wp-json\/wp\/v2\/product"}],"about":[{"href":"https:\/\/www.dallai.it\/pl\/wp-json\/wp\/v2\/types\/product"}],"wp:featuredmedia":[{"embeddable":true,"href":"https:\/\/www.dallai.it\/pl\/wp-json\/wp\/v2\/media\/16748"}],"wp:attachment":[{"href":"https:\/\/www.dallai.it\/pl\/wp-json\/wp\/v2\/media?parent=16747"}],"wp:term":[{"taxonomy":"product_brand","embeddable":true,"href":"https:\/\/www.dallai.it\/pl\/wp-json\/wp\/v2\/product_brand?post=16747"},{"taxonomy":"product_cat","embeddable":true,"href":"https:\/\/www.dallai.it\/pl\/wp-json\/wp\/v2\/product_cat?post=16747"},{"taxonomy":"product_tag","embeddable":true,"href":"https:\/\/www.dallai.it\/pl\/wp-json\/wp\/v2\/product_tag?post=16747"}],"curies":[{"name":"wp","href":"https:\/\/api.w.org\/{rel}","templated":true}]}}