{"id":16778,"date":"2024-04-09T14:02:03","date_gmt":"2024-04-09T14:02:03","guid":{"rendered":"https:\/\/www.dallai.it\/product\/art-pgt\/"},"modified":"2025-05-08T13:31:56","modified_gmt":"2025-05-08T13:31:56","slug":"art-pgt","status":"publish","type":"product","link":"https:\/\/www.dallai.it\/pl\/produktu\/art-pgt\/","title":{"rendered":"Uchwyt w\u0119\u017ca Fittings"},"content":{"rendered":"<p>Dost\u0119pna \u015brednica:<\/p>\n<p>&#8211; 20<\/p>\n<p>&#8211; 25<\/p>\n<p>&#8211; 30<\/p>\n<p>&#8211; 35<\/p>\n<p>&#8211; 40<\/p>\n<p>&#8211; 45<\/p>\n<p>&#8211; 50<\/p>\n<p>&#8211; 60<\/p>\n<p>&#8211; 65<\/p>\n<p>&#8211; 70<\/p>\n<p>&#8211; 75<\/p>\n<p>&#8211; 80<\/p>\n<p>&#8211; 90<\/p>\n<p>&#8211; 100<\/p>\n<p>&#8211; 110<\/p>\n<p>&#8211; 120<\/p>\n<p>&#8211; 125<\/p>\n<p>&#8211; 140<\/p>\n<p>&#8211; 150<\/p>\n<p>&#8211; 160<\/p>\n<p>&#8211; 200<\/p>\n<p>&#8211; 250<\/p>\n<p>&#8211; 300<\/p>\n","protected":false},"excerpt":{"rendered":"<p>Surowy wpust w jode\u0142k\u0119<\/p>\n","protected":false},"featured_media":16779,"template":"","meta":{"_acf_changed":false,"_vp_format_video_url":"","_vp_image_focal_point":[]},"product_brand":[],"product_cat":[101,91],"product_tag":[],"class_list":{"0":"post-16778","1":"product","2":"type-product","3":"status-publish","4":"has-post-thumbnail","6":"product_cat-akcesoria","7":"product_cat-fittings-pl","9":"first","10":"instock","11":"shipping-taxable","12":"product-type-simple"},"acf":[],"_links":{"self":[{"href":"https:\/\/www.dallai.it\/pl\/wp-json\/wp\/v2\/product\/16778","targetHints":{"allow":["GET"]}}],"collection":[{"href":"https:\/\/www.dallai.it\/pl\/wp-json\/wp\/v2\/product"}],"about":[{"href":"https:\/\/www.dallai.it\/pl\/wp-json\/wp\/v2\/types\/product"}],"wp:featuredmedia":[{"embeddable":true,"href":"https:\/\/www.dallai.it\/pl\/wp-json\/wp\/v2\/media\/16779"}],"wp:attachment":[{"href":"https:\/\/www.dallai.it\/pl\/wp-json\/wp\/v2\/media?parent=16778"}],"wp:term":[{"taxonomy":"product_brand","embeddable":true,"href":"https:\/\/www.dallai.it\/pl\/wp-json\/wp\/v2\/product_brand?post=16778"},{"taxonomy":"product_cat","embeddable":true,"href":"https:\/\/www.dallai.it\/pl\/wp-json\/wp\/v2\/product_cat?post=16778"},{"taxonomy":"product_tag","embeddable":true,"href":"https:\/\/www.dallai.it\/pl\/wp-json\/wp\/v2\/product_tag?post=16778"}],"curies":[{"name":"wp","href":"https:\/\/api.w.org\/{rel}","templated":true}]}}